{"id":23,"date":"2013-11-08T10:15:29","date_gmt":"2013-11-08T08:15:29","guid":{"rendered":"http:\/\/bern-en-vogue.ch\/?page_id=23"},"modified":"2016-02-07T17:37:16","modified_gmt":"2016-02-07T15:37:16","slug":"ueber-uns","status":"publish","type":"page","link":"https:\/\/bern-en-vogue.ch\/?page_id=23","title":{"rendered":"\u00dcber uns"},"content":{"rendered":"<h2 style=\"text-align: left;\">Anna Uzunova<\/h2>\n<p style=\"text-align: left;\"><a href=\"http:\/\/bern-en-vogue.ch\/wp-content\/uploads\/2013\/11\/Anna.jpg\"><img loading=\"lazy\" decoding=\"async\" class=\" wp-image-210 alignright\" src=\"http:\/\/bern-en-vogue.ch\/wp-content\/uploads\/2013\/11\/Anna.jpg\" alt=\"Anna Uzunova\" width=\"276\" height=\"272\" \/><\/a>Anna Uzunova hat Betriebswirtschaft in Bulgarien und in der Schweiz studiert. Ihre Leidenschaft gilt aber nicht den Zahlen und Businesspl\u00e4nen, sondern den sch\u00f6nen Sachen im Leben: Mode, Kunst, Make-up, Literatur, klassische Musik und Theater. Nach dem Studium und diversen Praktika \u00a0hat sie in den letzten 13 Jahren bei Swisscom Innovations in den Gebieten Nutzerforschung, Trends und Usability (Benutzerfreundlichkeit) gearbeitet. Momentan fr\u00f6nt sie ihre Leidenschaft f\u00fcr die Sprache als Privatlehrerin im Bereich Deutsch f\u00fcr Expats und als Dolmetschende Deutsch-Bulgarisch. Sie ist Mutter von einem Sohn, Yannik (10) und lebt mit ihrer Familie in der N\u00e4he von Bern. Shopping, Schaufensterbummel unter den Berner Lauben und Trends aufsp\u00fcren sind ihre Leidenschaft. Anna ist vor allem f\u00fcr die Texte in diesem Blog und f\u00fcr dessen Vermarktung zust\u00e4ndig.<\/p>\n<blockquote>\n<p style=\"text-align: left;\">Meine Motivation den Blog zu starten: Freude an sch\u00f6nen Sachen. Sch\u00f6n angezogene Menschen sind ein Augenschmaus. Sch\u00f6n angezogene Menschen mit einem L\u00e4cheln auf den Lippen sind Balsam f\u00fcr die Seele.<\/p>\n<p style=\"text-align: left;\">\n<\/blockquote>\n<h2 style=\"text-align: right;\"><\/h2>\n<h2 style=\"text-align: right;\"><\/h2>\n<p>&nbsp;<\/p>\n<h2 style=\"text-align: left;\">Anne Sterchi<\/h2>\n<p style=\"text-align: right;\"><a href=\"http:\/\/bern-en-vogue.ch\/wp-content\/uploads\/2013\/11\/Anne.jpg\"><img decoding=\"async\" class=\" wp-image-210 alignleft\" src=\"http:\/\/bern-en-vogue.ch\/wp-content\/uploads\/2013\/11\/Anne.jpg\" alt=\"Anne Sterchi\" \/><\/a>Anne Sterchi ist Multimedia Producer und Grafikerin mit viel Elan und Begeisterung f\u00fcr ihren Beruf.\u00a0Sie ist Mutter von zwei Kindern, Emil, 9\u00a0und Ellen, 6, und lebt mit ihrer Familie in Zollbr\u00fcck in der N\u00e4he von Langnau i.E.\u00a0Sie hat eine Lehre als Hochbauzeichnerin absolviert und einige Jahre in verschiedenen Architekturb\u00fcros in Bern gearbeitet. Danach besuchte sie\u00a0die SAE in Z\u00fcrich wo sie sich als Multimedia Producer ausbilden liess. Es folgten mehrere Jahren bei Swisscom Innovations, dort arbeitete sie als Multimedia\u00a0Producer und Grafikerin. W\u00e4hrend dieser Zeit lernte sie ihre Kollegin Anna Uzunova kennen.\u00a0Zurzeit ist\u00a0sie als Grafikerin\u00a0bei\u00a0einer Schweizer Hotelgruppe angestellt. Privat hat sie mehrere Websites entwickelt und umgesetzt. Anne ist f\u00fcr die Illustrationen und Photos auf diesem Blog zust\u00e4ndig. Zeichnen, gestalten und skizzieren sind ihre Leidenschaft.<\/p>\n<blockquote>\n<p style=\"text-align: left;\">Grafisches Design und Modedesign haben viel gemeinsam: Sie gehen mit der Zeit und wandeln sich st\u00e4ndig. Mein Ziel\u00a0ist es die heutigen Trends in der Region darzustellen und kreative Inspirationen zu pr\u00e4sentieren<\/p>\n<\/blockquote>\n","protected":false},"excerpt":{"rendered":"<p>Anna Uzunova Anna Uzunova hat Betriebswirtschaft in Bulgarien und in der Schweiz studiert. Ihre Leidenschaft gilt aber nicht den Zahlen und Businesspl\u00e4nen, sondern den sch\u00f6nen Sachen im Leben: Mode, Kunst, Make-up, Literatur, klassische Musik und Theater. Nach dem Studium und diversen Praktika \u00a0hat sie in den letzten 13 Jahren bei Swisscom Innovations in den Gebieten [&hellip;]<\/p>\n","protected":false},"author":1,"featured_media":0,"parent":0,"menu_order":0,"comment_status":"closed","ping_status":"closed","template":"","meta":{"footnotes":""},"_links":{"self":[{"href":"https:\/\/bern-en-vogue.ch\/index.php?rest_route=\/wp\/v2\/pages\/23"}],"collection":[{"href":"https:\/\/bern-en-vogue.ch\/index.php?rest_route=\/wp\/v2\/pages"}],"about":[{"href":"https:\/\/bern-en-vogue.ch\/index.php?rest_route=\/wp\/v2\/types\/page"}],"author":[{"embeddable":true,"href":"https:\/\/bern-en-vogue.ch\/index.php?rest_route=\/wp\/v2\/users\/1"}],"replies":[{"embeddable":true,"href":"https:\/\/bern-en-vogue.ch\/index.php?rest_route=%2Fwp%2Fv2%2Fcomments&post=23"}],"version-history":[{"count":9,"href":"https:\/\/bern-en-vogue.ch\/index.php?rest_route=\/wp\/v2\/pages\/23\/revisions"}],"predecessor-version":[{"id":1078,"href":"https:\/\/bern-en-vogue.ch\/index.php?rest_route=\/wp\/v2\/pages\/23\/revisions\/1078"}],"wp:attachment":[{"href":"https:\/\/bern-en-vogue.ch\/index.php?rest_route=%2Fwp%2Fv2%2Fmedia&parent=23"}],"curies":[{"name":"wp","href":"https:\/\/api.w.org\/{rel}","templated":true}]}}