{"id":26,"date":"2013-11-08T10:17:48","date_gmt":"2013-11-08T08:17:48","guid":{"rendered":"http:\/\/bern-en-vogue.ch\/?page_id=26"},"modified":"2013-11-08T18:20:34","modified_gmt":"2013-11-08T16:20:34","slug":"impressum","status":"publish","type":"page","link":"https:\/\/bern-en-vogue.ch\/?page_id=26","title":{"rendered":"Impressum"},"content":{"rendered":"<address><span style=\"color: #999999;\">Anschrift<br \/>\n<\/span>Anna Uzunova<br \/>\nDennigkofenweg 182e<br \/>\n3072 Ostermundigen<br \/>\nEmail:\u00a0<a href=\"mailto:ani.uzunova@bluewin.ch\">ani.uzunova@bluewin.ch<\/a><\/address>\n<address>Anne Sterchi<br \/>\nSchw\u00e4ndeliweg 9<br \/>\n3436 Zollbr\u00fcck<br \/>\nEmail: <a href=\"mailto: info@annesterchi.ch\">info@annesterchi.ch<br \/>\n<\/a>Website: <a title=\"Anne Sterchi | Multimedia Producer und Grafikerin\" href=\"http:\/\/annesterchi.ch\" target=\"_blank\">www.annesterchi.ch<\/a><\/address>\n<p><span style=\"color: #999999;\">Gr\u00fcndung von Bern en vogue<br \/>\n<\/span>2013<\/p>\n<p><span style=\"color: #999999;\">Illustrationen<br \/>\n<\/span>Anne Sterchi |\u00a0Multimedia Producer und Grafikerin<\/p>\n<p><span style=\"color: #999999;\">Haftung<br \/>\n<\/span>Unsere Beitr\u00e4ge enthalten Links auf externe Webseiten Dritter. Auf die Inhalte dieser verlinkten Webseiten haben wir keinen Einfluss. F\u00fcr Richtigkeit der Inhalte ist immer der jeweilige Anbieter oder Betreiber verantwortlich, weshalb wir diesbez\u00fcglich keinerlei Gew\u00e4hr \u00fcbernehmen. Ebenfalls keine Garantie k\u00f6nnen wir f\u00fcr unsere eigenen Beitr\u00e4ge und Seiten \u00fcbernehmen, obwohl wir uns um Aktualit\u00e4t, Vollst\u00e4ndigkeit und Richtigkeit der Inhalte bem\u00fchen.<\/p>\n<p><span style=\"color: #999999;\">Urheberrecht<br \/>\n<\/span>Die Illustrationen sind Eigentum des Betreibers dieser Seite. Die Vervielf\u00e4ltigung, Bearbeitung, Verbreitung und jede Art der Verwertung bed\u00fcrfen der schriftlichen Zustimmung des Autors resp. Erstellers.<\/p>\n<p><span style=\"color: #999999;\">Google Analytics<\/span><br \/>\nDiese Website benutzt Google Analytics, einen Webanalysedienst der Google Inc. (\u201eGoogle\u201c). Google Analytics verwendet sog. \u201eCookies\u201c, Textdateien, die auf Ihrem Computer gespeichert werden und die eine Analyse der Benutzung der Website durch Sie erm\u00f6glichen. Die durch den Cookie erzeugten Informationen \u00fcber Ihre Benutzung dieser Website werden in der Regel an einen Server von Google in den USA \u00fcbertragen und dort gespeichert. Im Falle der Aktivierung der IP-Anonymisierung auf dieser Webseite, wird Ihre IP-Adresse von Google jedoch innerhalb von Mitgliedstaaten der Europ\u00e4ischen Union oder in anderen Vertragsstaaten des Abkommens \u00fcber den Europ\u00e4ischen Wirtschaftsraum zuvor gek\u00fcrzt. Nur in Ausnahmef\u00e4llen wird die volle IP-Adresse an einen Server von Google in den USA \u00fcbertragen und dort gek\u00fcrzt. Im Auftrag des Betreibers dieser Website wird Google diese Informationen benutzen, um Ihre Nutzung der Website auszuwerten, um Reports \u00fcber die Websiteaktivit\u00e4ten zusammenzustellen und um weitere mit der Websitenutzung und der Internetnutzung verbundene Dienstleistungen gegen\u00fcber dem Websitebetreiber zu erbringenDie im Rahmen von Google Analytics von Ihrem Browser \u00fcbermittelte IP-Adresse wird nicht mit anderen Daten von Google zusammengef\u00fchrt. Sie k\u00f6nnen die Speicherung der Cookies durch eine entsprechende Einstellung Ihrer Browser-Software verhindern; wir weisen Sie jedoch darauf hin, dass Sie in diesem Fall gegebenenfalls nicht s\u00e4mtliche Funktionen dieser Website vollumf\u00e4nglich werden nutzen k\u00f6nnen. Sie k\u00f6nnen dar\u00fcber hinaus die Erfassung der durch das Cookie erzeugten und auf Ihre Nutzung der Website bezogenen Daten (inkl. Ihrer IP-Adresse) an Google sowie die Verarbeitung dieser Daten durch Google verhindern, indem sie das unter dem folgenden Link <a title=\"Browser-Add-on zur Deaktivierung von Google Analytics\" href=\"https:\/\/tools.google.com\/dlpage\/gaoptout?hl=de\" target=\"_blank\">verf\u00fcgbare Browser-Plugin<\/a> herunterladen und installieren.<\/p>\n","protected":false},"excerpt":{"rendered":"<p>Anschrift Anna Uzunova Dennigkofenweg 182e 3072 Ostermundigen Email:\u00a0ani.uzunova@bluewin.ch Anne Sterchi Schw\u00e4ndeliweg 9 3436 Zollbr\u00fcck Email: info@annesterchi.ch Website: www.annesterchi.ch Gr\u00fcndung von Bern en vogue 2013 Illustrationen Anne Sterchi |\u00a0Multimedia Producer und Grafikerin Haftung Unsere Beitr\u00e4ge enthalten Links auf externe Webseiten Dritter. Auf die Inhalte dieser verlinkten Webseiten haben wir keinen Einfluss. F\u00fcr Richtigkeit der Inhalte ist [&hellip;]<\/p>\n","protected":false},"author":1,"featured_media":0,"parent":0,"menu_order":0,"comment_status":"closed","ping_status":"closed","template":"","meta":{"footnotes":""},"_links":{"self":[{"href":"https:\/\/bern-en-vogue.ch\/index.php?rest_route=\/wp\/v2\/pages\/26"}],"collection":[{"href":"https:\/\/bern-en-vogue.ch\/index.php?rest_route=\/wp\/v2\/pages"}],"about":[{"href":"https:\/\/bern-en-vogue.ch\/index.php?rest_route=\/wp\/v2\/types\/page"}],"author":[{"embeddable":true,"href":"https:\/\/bern-en-vogue.ch\/index.php?rest_route=\/wp\/v2\/users\/1"}],"replies":[{"embeddable":true,"href":"https:\/\/bern-en-vogue.ch\/index.php?rest_route=%2Fwp%2Fv2%2Fcomments&post=26"}],"version-history":[{"count":2,"href":"https:\/\/bern-en-vogue.ch\/index.php?rest_route=\/wp\/v2\/pages\/26\/revisions"}],"predecessor-version":[{"id":73,"href":"https:\/\/bern-en-vogue.ch\/index.php?rest_route=\/wp\/v2\/pages\/26\/revisions\/73"}],"wp:attachment":[{"href":"https:\/\/bern-en-vogue.ch\/index.php?rest_route=%2Fwp%2Fv2%2Fmedia&parent=26"}],"curies":[{"name":"wp","href":"https:\/\/api.w.org\/{rel}","templated":true}]}}